{"id":62,"date":"2025-05-05T19:37:55","date_gmt":"2025-05-05T19:37:55","guid":{"rendered":"https:\/\/theappsnow.com\/?page_id=62"},"modified":"2026-04-01T17:48:09","modified_gmt":"2026-04-01T17:48:09","slug":"about-us","status":"publish","type":"page","link":"https:\/\/theappsnow.com\/fr\/about-us\/","title":{"rendered":"\u00c0 propos de nous"},"content":{"rendered":"<p>Bienvenue sur The Apps Now, votre source de confiance pour tout ce qui touche au num\u00e9rique. Nous proposons des tests d&#039;applications approfondis, des analyses d&#039;experts sur les derniers gadgets et une couverture compl\u00e8te des nouvelles tendances technologiques.<\/p>\n\n\n\n<p>Que vous recherchiez des outils pratiques pour simplifier votre vie quotidienne ou que vous soyez curieux de savoir ce qui va suivre en mati\u00e8re de technologie, The Apps Now est l\u00e0 pour vous tenir inform\u00e9, autonome et en avance sur la courbe.<\/p>\n\n\n\n<h2 class=\"wp-block-heading\">Qui sommes-nous<\/h2>\n\n\n\n<p>The Apps Now est aliment\u00e9 par une \u00e9quipe de passionn\u00e9s de technologie qui se consacrent \u00e0 la d\u00e9couverte, au test et \u00e0 l&#039;analyse des derni\u00e8res innovations en mati\u00e8re d&#039;applications, de logiciels et de technologies grand public.<\/p>\n\n\n\n<p>Notre mission est de vous simplifier la vie et de vous fournir des informations rigoureuses pour vous aider \u00e0 naviguer dans un monde num\u00e9rique en constante \u00e9volution. Des recommandations d&#039;applications pratiques aux explorations technologiques d\u00e9taill\u00e9es, nous nous engageons \u00e0 fournir du contenu qui permet aux utilisateurs de prendre des d\u00e9cisions plus \u00e9clair\u00e9es.<\/p>\n\n\n\n<h2 class=\"wp-block-heading\">Ce que nous offrons<\/h2>\n\n\n\n<p>Chez The Apps Now, nous cr\u00e9ons du contenu pour les utilisateurs occasionnels comme pour les passionn\u00e9s de technologie. Voici ce qui vous attend\u00a0:<\/p>\n\n\n\n<p><strong>Meilleurs choix d&#039;applications et de gadgets<\/strong> \u2013 D\u00e9couvrez les meilleurs outils pour rationaliser votre flux de travail, augmenter votre productivit\u00e9 ou simplement am\u00e9liorer votre divertissement num\u00e9rique.<\/p>\n\n\n\n<p><strong>Guides techniques \u00e9tape par \u00e9tape<\/strong> \u2013 Apprenez \u00e0 ma\u00eetriser de nouvelles applications et de nouveaux logiciels gr\u00e2ce \u00e0 des didacticiels faciles \u00e0 suivre et des conseils d\u2019experts pour chaque niveau de comp\u00e9tence.<\/p>\n\n\n\n<p><strong>Derni\u00e8res informations sur l&#039;industrie<\/strong> \u2013 Restez inform\u00e9 des derni\u00e8res nouvelles sur l\u2019innovation logicielle, les avanc\u00e9es de l\u2019IA, les lancements d\u2019applications et les principales tendances technologiques.<\/p>\n\n\n\n<p><strong>Analyse technologique compl\u00e8te<\/strong> \u2013 Plongez dans la mani\u00e8re dont la transformation num\u00e9rique, l\u2019intelligence artificielle et les technologies \u00e9mergentes fa\u00e7onnent l\u2019avenir de la technologie.<\/p>\n\n\n\n<p><strong>Avis impartiaux<\/strong> \u2013 Nos \u00e9valuations d\u2019applications, de plateformes et d\u2019outils bas\u00e9es sur la recherche offrent des informations claires et honn\u00eates pour soutenir de meilleures d\u00e9cisions technologiques.<\/p>\n\n\n\n<h2 class=\"wp-block-heading\">Mentions l\u00e9gales<\/h2>\n\n\n\n<p>The Apps Now est une source ind\u00e9pendante d&#039;informations technologiques et n&#039;est affili\u00e9e \u00e0 aucune marque, entreprise ou produit pr\u00e9sent\u00e9 sur notre plateforme. Notre contenu s&#039;appuie sur des recherches rigoureuses et des analyses objectives, con\u00e7ues pour accompagner les utilisateurs dans leur apprentissage des applications mobiles et des outils num\u00e9riques.<\/p>\n\n\n\n<p>Tous les avis, guides et recommandations sont fournis \u00e0 titre informatif uniquement et ne doivent pas \u00eatre interpr\u00e9t\u00e9s comme des recommandations ou des parrainages. Bien que nous nous efforcions d&#039;\u00eatre pr\u00e9cis et justes, nous encourageons les lecteurs \u00e0 effectuer leurs propres recherches avant de prendre une d\u00e9cision concernant des applications, des services ou des produits technologiques.<\/p>\n\n\n\n<p>Notre mission chez The Apps Now est simple : fournir un contenu fiable et bien document\u00e9 afin que vous puissiez explorer le monde num\u00e9rique avec clart\u00e9 et confiance.<\/p>","protected":false},"excerpt":{"rendered":"<p>Welcome to The Apps Now \u2014 your trusted source for all things digital. We deliver in-depth app reviews, expert insights on the latest gadgets, and comprehensive coverage of emerging tech trends. Whether you&#8217;re seeking practical tools to simplify your daily life or curious about what\u2019s next in technology, The Apps Now is here to keep [&hellip;]<\/p>","protected":false},"author":6,"featured_media":0,"parent":0,"menu_order":0,"comment_status":"closed","ping_status":"closed","template":"page-nosidebar.php","meta":{"footnotes":""},"yoast_head":"<!-- This site is optimized with the Yoast SEO plugin v23.3 - https:\/\/yoast.com\/wordpress\/plugins\/seo\/ -->\n<title>About Us - The Apps Now<\/title>\n<meta name=\"robots\" content=\"index, follow, max-snippet:-1, max-image-preview:large, max-video-preview:-1\" \/>\n<link rel=\"canonical\" href=\"https:\/\/theappsnow.com\/fr\/about-us\/\" \/>\n<meta property=\"og:locale\" content=\"fr_FR\" \/>\n<meta property=\"og:type\" content=\"article\" \/>\n<meta property=\"og:title\" content=\"About Us - The Apps Now\" \/>\n<meta property=\"og:description\" content=\"Welcome to The Apps Now \u2014 your trusted source for all things digital. We deliver in-depth app reviews, expert insights on the latest gadgets, and comprehensive coverage of emerging tech trends. Whether you&#8217;re seeking practical tools to simplify your daily life or curious about what\u2019s next in technology, The Apps Now is here to keep [&hellip;]\" \/>\n<meta property=\"og:url\" content=\"https:\/\/theappsnow.com\/fr\/about-us\/\" \/>\n<meta property=\"og:site_name\" content=\"The Apps Now\" \/>\n<meta property=\"article:modified_time\" content=\"2026-04-01T17:48:09+00:00\" \/>\n<meta name=\"twitter:card\" content=\"summary_large_image\" \/>\n<meta name=\"twitter:label1\" content=\"Est. reading time\" \/>\n\t<meta name=\"twitter:data1\" content=\"2 minutes\" \/>\n<script type=\"application\/ld+json\" class=\"yoast-schema-graph\">{\"@context\":\"https:\/\/schema.org\",\"@graph\":[{\"@type\":\"WebPage\",\"@id\":\"https:\/\/theappsnow.com\/about-us\/\",\"url\":\"https:\/\/theappsnow.com\/about-us\/\",\"name\":\"About Us - The Apps Now\",\"isPartOf\":{\"@id\":\"https:\/\/theappsnow.com\/#website\"},\"datePublished\":\"2025-05-05T19:37:55+00:00\",\"dateModified\":\"2026-04-01T17:48:09+00:00\",\"breadcrumb\":{\"@id\":\"https:\/\/theappsnow.com\/about-us\/#breadcrumb\"},\"inLanguage\":\"fr-FR\",\"potentialAction\":[{\"@type\":\"ReadAction\",\"target\":[\"https:\/\/theappsnow.com\/about-us\/\"]}]},{\"@type\":\"BreadcrumbList\",\"@id\":\"https:\/\/theappsnow.com\/about-us\/#breadcrumb\",\"itemListElement\":[{\"@type\":\"ListItem\",\"position\":1,\"name\":\"Home\",\"item\":\"https:\/\/theappsnow.com\/\"},{\"@type\":\"ListItem\",\"position\":2,\"name\":\"About Us\"}]},{\"@type\":\"WebSite\",\"@id\":\"https:\/\/theappsnow.com\/#website\",\"url\":\"https:\/\/theappsnow.com\/\",\"name\":\"The Apps Now\",\"description\":\"\",\"potentialAction\":[{\"@type\":\"SearchAction\",\"target\":{\"@type\":\"EntryPoint\",\"urlTemplate\":\"https:\/\/theappsnow.com\/?s={search_term_string}\"},\"query-input\":\"required name=search_term_string\"}],\"inLanguage\":\"fr-FR\"}]}<\/script>\n<!-- \/ Yoast SEO plugin. -->","yoast_head_json":{"title":"About Us - The Apps Now","robots":{"index":"index","follow":"follow","max-snippet":"max-snippet:-1","max-image-preview":"max-image-preview:large","max-video-preview":"max-video-preview:-1"},"canonical":"https:\/\/theappsnow.com\/fr\/about-us\/","og_locale":"fr_FR","og_type":"article","og_title":"About Us - The Apps Now","og_description":"Welcome to The Apps Now \u2014 your trusted source for all things digital. We deliver in-depth app reviews, expert insights on the latest gadgets, and comprehensive coverage of emerging tech trends. Whether you&#8217;re seeking practical tools to simplify your daily life or curious about what\u2019s next in technology, The Apps Now is here to keep [&hellip;]","og_url":"https:\/\/theappsnow.com\/fr\/about-us\/","og_site_name":"The Apps Now","article_modified_time":"2026-04-01T17:48:09+00:00","twitter_card":"summary_large_image","twitter_misc":{"Est. reading time":"2 minutes"},"schema":{"@context":"https:\/\/schema.org","@graph":[{"@type":"WebPage","@id":"https:\/\/theappsnow.com\/about-us\/","url":"https:\/\/theappsnow.com\/about-us\/","name":"About Us - The Apps Now","isPartOf":{"@id":"https:\/\/theappsnow.com\/#website"},"datePublished":"2025-05-05T19:37:55+00:00","dateModified":"2026-04-01T17:48:09+00:00","breadcrumb":{"@id":"https:\/\/theappsnow.com\/about-us\/#breadcrumb"},"inLanguage":"fr-FR","potentialAction":[{"@type":"ReadAction","target":["https:\/\/theappsnow.com\/about-us\/"]}]},{"@type":"BreadcrumbList","@id":"https:\/\/theappsnow.com\/about-us\/#breadcrumb","itemListElement":[{"@type":"ListItem","position":1,"name":"Home","item":"https:\/\/theappsnow.com\/"},{"@type":"ListItem","position":2,"name":"About Us"}]},{"@type":"WebSite","@id":"https:\/\/theappsnow.com\/#website","url":"https:\/\/theappsnow.com\/","name":"The Apps Now","description":"","potentialAction":[{"@type":"SearchAction","target":{"@type":"EntryPoint","urlTemplate":"https:\/\/theappsnow.com\/?s={search_term_string}"},"query-input":"required name=search_term_string"}],"inLanguage":"fr-FR"}]}},"_links":{"self":[{"href":"https:\/\/theappsnow.com\/fr\/wp-json\/wp\/v2\/pages\/62"}],"collection":[{"href":"https:\/\/theappsnow.com\/fr\/wp-json\/wp\/v2\/pages"}],"about":[{"href":"https:\/\/theappsnow.com\/fr\/wp-json\/wp\/v2\/types\/page"}],"author":[{"embeddable":true,"href":"https:\/\/theappsnow.com\/fr\/wp-json\/wp\/v2\/users\/6"}],"replies":[{"embeddable":true,"href":"https:\/\/theappsnow.com\/fr\/wp-json\/wp\/v2\/comments?post=62"}],"version-history":[{"count":1,"href":"https:\/\/theappsnow.com\/fr\/wp-json\/wp\/v2\/pages\/62\/revisions"}],"predecessor-version":[{"id":63,"href":"https:\/\/theappsnow.com\/fr\/wp-json\/wp\/v2\/pages\/62\/revisions\/63"}],"wp:attachment":[{"href":"https:\/\/theappsnow.com\/fr\/wp-json\/wp\/v2\/media?parent=62"}],"curies":[{"name":"wp","href":"https:\/\/api.w.org\/{rel}","templated":true}]}}