{"id":62,"date":"2025-05-05T19:37:55","date_gmt":"2025-05-05T19:37:55","guid":{"rendered":"https:\/\/theappsnow.com\/?page_id=62"},"modified":"2026-04-01T17:48:09","modified_gmt":"2026-04-01T17:48:09","slug":"about-us","status":"publish","type":"page","link":"https:\/\/theappsnow.com\/pt\/about-us\/","title":{"rendered":"Sobre n\u00f3s"},"content":{"rendered":"<p>Bem-vindo ao The Apps Now \u2014 sua fonte confi\u00e1vel para tudo relacionado ao mundo digital. Oferecemos an\u00e1lises aprofundadas de aplicativos, insights de especialistas sobre os gadgets mais recentes e cobertura abrangente das tend\u00eancias tecnol\u00f3gicas emergentes.<\/p>\n\n\n\n<p>N\u00e3o importa se voc\u00ea est\u00e1 buscando ferramentas pr\u00e1ticas para simplificar sua vida di\u00e1ria ou curioso sobre o que vem por a\u00ed em tecnologia, o The Apps Now est\u00e1 aqui para mant\u00ea-lo informado, capacitado e \u00e0 frente das tend\u00eancias.<\/p>\n\n\n\n<h2 class=\"wp-block-heading\">Quem Somos<\/h2>\n\n\n\n<p>O Apps Now \u00e9 liderado por uma equipe de entusiastas apaixonados por tecnologia, dedicados a descobrir, testar e analisar as \u00faltimas inova\u00e7\u00f5es em aplicativos, software e tecnologia de consumo.<\/p>\n\n\n\n<p>Nossa miss\u00e3o \u00e9 ir al\u00e9m e fornecer insights bem pesquisados que ajudem voc\u00ea a navegar pelo mundo digital em r\u00e1pida transforma\u00e7\u00e3o. De recomenda\u00e7\u00f5es pr\u00e1ticas de aplicativos a explora\u00e7\u00f5es tecnol\u00f3gicas detalhadas, estamos comprometidos em fornecer conte\u00fado que capacite os usu\u00e1rios a tomar decis\u00f5es mais inteligentes e informadas.<\/p>\n\n\n\n<h2 class=\"wp-block-heading\">O que oferecemos<\/h2>\n\n\n\n<p>No The Apps Now, criamos conte\u00fado tanto para usu\u00e1rios casuais quanto para entusiastas dedicados da tecnologia. Veja o que voc\u00ea pode esperar:<\/p>\n\n\n\n<p><strong>Melhores escolhas de aplicativos e gadgets<\/strong> \u2013 Descubra as melhores ferramentas para otimizar seu fluxo de trabalho, aumentar a produtividade ou simplesmente elevar seu entretenimento digital.<\/p>\n\n\n\n<p><strong>Guias t\u00e9cnicos passo a passo<\/strong> \u2013 Aprenda a dominar novos aplicativos e softwares com tutoriais f\u00e1ceis de seguir e dicas de especialistas para todos os n\u00edveis de habilidade.<\/p>\n\n\n\n<p><strong>\u00daltimos Insights do Setor<\/strong> \u2013 Mantenha-se informado com as \u00faltimas not\u00edcias sobre inova\u00e7\u00e3o de software, avan\u00e7os de IA, lan\u00e7amentos de aplicativos e principais tend\u00eancias tecnol\u00f3gicas.<\/p>\n\n\n\n<p><strong>An\u00e1lise de tecnologia abrangente<\/strong> \u2013 Mergulhe em como a transforma\u00e7\u00e3o digital, a intelig\u00eancia artificial e as tecnologias emergentes est\u00e3o moldando o futuro da tecnologia.<\/p>\n\n\n\n<p><strong>Avalia\u00e7\u00f5es imparciais<\/strong> \u2013 Nossas avalia\u00e7\u00f5es baseadas em pesquisas de aplicativos, plataformas e ferramentas oferecem insights claros e honestos para embasar melhores decis\u00f5es tecnol\u00f3gicas.<\/p>\n\n\n\n<h2 class=\"wp-block-heading\">Isen\u00e7\u00e3o de responsabilidade legal<\/h2>\n\n\n\n<p>O Apps Now opera como uma fonte independente de insights sobre tecnologia e n\u00e3o \u00e9 afiliado a nenhuma marca, empresa ou produto apresentado em nossa plataforma. Nosso conte\u00fado \u00e9 baseado em pesquisas rigorosas e an\u00e1lises objetivas, criado para auxiliar os usu\u00e1rios a navegar pelo mundo dos aplicativos m\u00f3veis e ferramentas digitais.<\/p>\n\n\n\n<p>Todas as avalia\u00e7\u00f5es, guias e recomenda\u00e7\u00f5es s\u00e3o apenas para fins informativos e n\u00e3o devem ser interpretados como endossos ou patroc\u00ednios. Embora busquemos precis\u00e3o e imparcialidade, incentivamos os leitores a realizarem suas pr\u00f3prias pesquisas antes de tomarem decis\u00f5es sobre aplicativos, servi\u00e7os ou produtos de tecnologia.<\/p>\n\n\n\n<p>Nossa miss\u00e3o no The Apps Now \u00e9 simples: fornecer conte\u00fado confi\u00e1vel e bem pesquisado para que voc\u00ea possa explorar o mundo digital com clareza e confian\u00e7a.<\/p>","protected":false},"excerpt":{"rendered":"<p>Welcome to The Apps Now \u2014 your trusted source for all things digital. We deliver in-depth app reviews, expert insights on the latest gadgets, and comprehensive coverage of emerging tech trends. Whether you&#8217;re seeking practical tools to simplify your daily life or curious about what\u2019s next in technology, The Apps Now is here to keep [&hellip;]<\/p>","protected":false},"author":6,"featured_media":0,"parent":0,"menu_order":0,"comment_status":"closed","ping_status":"closed","template":"page-nosidebar.php","meta":{"footnotes":""},"yoast_head":"<!-- This site is optimized with the Yoast SEO plugin v23.3 - https:\/\/yoast.com\/wordpress\/plugins\/seo\/ -->\n<title>About Us - The Apps Now<\/title>\n<meta name=\"robots\" content=\"index, follow, max-snippet:-1, max-image-preview:large, max-video-preview:-1\" \/>\n<link rel=\"canonical\" href=\"https:\/\/theappsnow.com\/pt\/about-us\/\" \/>\n<meta property=\"og:locale\" content=\"pt_BR\" \/>\n<meta property=\"og:type\" content=\"article\" \/>\n<meta property=\"og:title\" content=\"About Us - The Apps Now\" \/>\n<meta property=\"og:description\" content=\"Welcome to The Apps Now \u2014 your trusted source for all things digital. We deliver in-depth app reviews, expert insights on the latest gadgets, and comprehensive coverage of emerging tech trends. Whether you&#8217;re seeking practical tools to simplify your daily life or curious about what\u2019s next in technology, The Apps Now is here to keep [&hellip;]\" \/>\n<meta property=\"og:url\" content=\"https:\/\/theappsnow.com\/pt\/about-us\/\" \/>\n<meta property=\"og:site_name\" content=\"The Apps Now\" \/>\n<meta property=\"article:modified_time\" content=\"2026-04-01T17:48:09+00:00\" \/>\n<meta name=\"twitter:card\" content=\"summary_large_image\" \/>\n<meta name=\"twitter:label1\" content=\"Est. reading time\" \/>\n\t<meta name=\"twitter:data1\" content=\"2 minutos\" \/>\n<script type=\"application\/ld+json\" class=\"yoast-schema-graph\">{\"@context\":\"https:\/\/schema.org\",\"@graph\":[{\"@type\":\"WebPage\",\"@id\":\"https:\/\/theappsnow.com\/about-us\/\",\"url\":\"https:\/\/theappsnow.com\/about-us\/\",\"name\":\"About Us - The Apps Now\",\"isPartOf\":{\"@id\":\"https:\/\/theappsnow.com\/#website\"},\"datePublished\":\"2025-05-05T19:37:55+00:00\",\"dateModified\":\"2026-04-01T17:48:09+00:00\",\"breadcrumb\":{\"@id\":\"https:\/\/theappsnow.com\/about-us\/#breadcrumb\"},\"inLanguage\":\"pt-BR\",\"potentialAction\":[{\"@type\":\"ReadAction\",\"target\":[\"https:\/\/theappsnow.com\/about-us\/\"]}]},{\"@type\":\"BreadcrumbList\",\"@id\":\"https:\/\/theappsnow.com\/about-us\/#breadcrumb\",\"itemListElement\":[{\"@type\":\"ListItem\",\"position\":1,\"name\":\"Home\",\"item\":\"https:\/\/theappsnow.com\/\"},{\"@type\":\"ListItem\",\"position\":2,\"name\":\"About Us\"}]},{\"@type\":\"WebSite\",\"@id\":\"https:\/\/theappsnow.com\/#website\",\"url\":\"https:\/\/theappsnow.com\/\",\"name\":\"The Apps Now\",\"description\":\"\",\"potentialAction\":[{\"@type\":\"SearchAction\",\"target\":{\"@type\":\"EntryPoint\",\"urlTemplate\":\"https:\/\/theappsnow.com\/?s={search_term_string}\"},\"query-input\":\"required name=search_term_string\"}],\"inLanguage\":\"pt-BR\"}]}<\/script>\n<!-- \/ Yoast SEO plugin. -->","yoast_head_json":{"title":"About Us - The Apps Now","robots":{"index":"index","follow":"follow","max-snippet":"max-snippet:-1","max-image-preview":"max-image-preview:large","max-video-preview":"max-video-preview:-1"},"canonical":"https:\/\/theappsnow.com\/pt\/about-us\/","og_locale":"pt_BR","og_type":"article","og_title":"About Us - The Apps Now","og_description":"Welcome to The Apps Now \u2014 your trusted source for all things digital. We deliver in-depth app reviews, expert insights on the latest gadgets, and comprehensive coverage of emerging tech trends. Whether you&#8217;re seeking practical tools to simplify your daily life or curious about what\u2019s next in technology, The Apps Now is here to keep [&hellip;]","og_url":"https:\/\/theappsnow.com\/pt\/about-us\/","og_site_name":"The Apps Now","article_modified_time":"2026-04-01T17:48:09+00:00","twitter_card":"summary_large_image","twitter_misc":{"Est. reading time":"2 minutos"},"schema":{"@context":"https:\/\/schema.org","@graph":[{"@type":"WebPage","@id":"https:\/\/theappsnow.com\/about-us\/","url":"https:\/\/theappsnow.com\/about-us\/","name":"About Us - The Apps Now","isPartOf":{"@id":"https:\/\/theappsnow.com\/#website"},"datePublished":"2025-05-05T19:37:55+00:00","dateModified":"2026-04-01T17:48:09+00:00","breadcrumb":{"@id":"https:\/\/theappsnow.com\/about-us\/#breadcrumb"},"inLanguage":"pt-BR","potentialAction":[{"@type":"ReadAction","target":["https:\/\/theappsnow.com\/about-us\/"]}]},{"@type":"BreadcrumbList","@id":"https:\/\/theappsnow.com\/about-us\/#breadcrumb","itemListElement":[{"@type":"ListItem","position":1,"name":"Home","item":"https:\/\/theappsnow.com\/"},{"@type":"ListItem","position":2,"name":"About Us"}]},{"@type":"WebSite","@id":"https:\/\/theappsnow.com\/#website","url":"https:\/\/theappsnow.com\/","name":"The Apps Now","description":"","potentialAction":[{"@type":"SearchAction","target":{"@type":"EntryPoint","urlTemplate":"https:\/\/theappsnow.com\/?s={search_term_string}"},"query-input":"required name=search_term_string"}],"inLanguage":"pt-BR"}]}},"_links":{"self":[{"href":"https:\/\/theappsnow.com\/pt\/wp-json\/wp\/v2\/pages\/62"}],"collection":[{"href":"https:\/\/theappsnow.com\/pt\/wp-json\/wp\/v2\/pages"}],"about":[{"href":"https:\/\/theappsnow.com\/pt\/wp-json\/wp\/v2\/types\/page"}],"author":[{"embeddable":true,"href":"https:\/\/theappsnow.com\/pt\/wp-json\/wp\/v2\/users\/6"}],"replies":[{"embeddable":true,"href":"https:\/\/theappsnow.com\/pt\/wp-json\/wp\/v2\/comments?post=62"}],"version-history":[{"count":1,"href":"https:\/\/theappsnow.com\/pt\/wp-json\/wp\/v2\/pages\/62\/revisions"}],"predecessor-version":[{"id":63,"href":"https:\/\/theappsnow.com\/pt\/wp-json\/wp\/v2\/pages\/62\/revisions\/63"}],"wp:attachment":[{"href":"https:\/\/theappsnow.com\/pt\/wp-json\/wp\/v2\/media?parent=62"}],"curies":[{"name":"wp","href":"https:\/\/api.w.org\/{rel}","templated":true}]}}